{"id":31,"date":"2020-03-30T21:26:57","date_gmt":"2020-03-30T19:26:57","guid":{"rendered":"https:\/\/www.elitemove.pro\/?page_id=31"},"modified":"2024-03-03T11:12:46","modified_gmt":"2024-03-03T10:12:46","slug":"fitko","status":"publish","type":"page","link":"https:\/\/www.elitemove.pro\/?page_id=31","title":{"rendered":"Gym"},"content":{"rendered":"\t\t<div data-elementor-type=\"wp-page\" data-elementor-id=\"31\" class=\"elementor elementor-31\">\n\t\t\t\t\t\t<div class=\"elementor-inner\">\n\t\t\t\t<div class=\"elementor-section-wrap\">\n\t\t\t\t\t\t\t\t\t<section class=\"elementor-section elementor-top-section elementor-element elementor-element-420839fa elementor-section-content-middle elementor-section-stretched elementor-section-boxed elementor-section-height-default elementor-section-height-default\" data-id=\"420839fa\" data-element_type=\"section\" data-settings=\"{&quot;background_background&quot;:&quot;classic&quot;,&quot;stretch_section&quot;:&quot;section-stretched&quot;}\">\n\t\t\t\t\t\t<div class=\"elementor-container elementor-column-gap-no\">\n\t\t\t\t\t\t\t<div class=\"elementor-row\">\n\t\t\t\t\t<div class=\"elementor-column elementor-col-100 elementor-top-column elementor-element elementor-element-cdf220e\" data-id=\"cdf220e\" data-element_type=\"column\">\n\t\t\t<div class=\"elementor-column-wrap elementor-element-populated\">\n\t\t\t\t\t\t\t<div class=\"elementor-widget-wrap\">\n\t\t\t\t\t\t<div class=\"elementor-element elementor-element-719a9010 elementor-widget elementor-widget-heading\" data-id=\"719a9010\" data-element_type=\"widget\" data-widget_type=\"heading.default\">\n\t\t\t\t<div class=\"elementor-widget-container\">\n\t\t\t<h4 class=\"elementor-heading-title elementor-size-default\">N\u00e1\u0161 gym<\/h4>\t\t<\/div>\n\t\t\t\t<\/div>\n\t\t\t\t<section class=\"elementor-section elementor-inner-section elementor-element elementor-element-58c534e3 elementor-section-content-middle elementor-section-boxed elementor-section-height-default elementor-section-height-default\" data-id=\"58c534e3\" data-element_type=\"section\">\n\t\t\t\t\t\t<div class=\"elementor-container elementor-column-gap-no\">\n\t\t\t\t\t\t\t<div class=\"elementor-row\">\n\t\t\t\t\t<div class=\"elementor-column elementor-col-50 elementor-inner-column elementor-element elementor-element-2bf2e39b\" data-id=\"2bf2e39b\" data-element_type=\"column\">\n\t\t\t<div class=\"elementor-column-wrap elementor-element-populated\">\n\t\t\t\t\t\t\t<div class=\"elementor-widget-wrap\">\n\t\t\t\t\t\t<div class=\"elementor-element elementor-element-a63f222 elementor-position-top elementor-vertical-align-top elementor-widget elementor-widget-image-box\" data-id=\"a63f222\" data-element_type=\"widget\" data-widget_type=\"image-box.default\">\n\t\t\t\t<div class=\"elementor-widget-container\">\n\t\t\t<div class=\"elementor-image-box-wrapper\"><figure class=\"elementor-image-box-img\"><img width=\"640\" height=\"640\" src=\"https:\/\/www.elitemove.pro\/wp-content\/uploads\/2023\/12\/12.png\" class=\"elementor-animation-grow attachment-large size-large wp-image-768\" alt=\"\" loading=\"lazy\" srcset=\"https:\/\/www.elitemove.pro\/wp-content\/uploads\/2023\/12\/12.png 1000w, https:\/\/www.elitemove.pro\/wp-content\/uploads\/2023\/12\/12-300x300.png 300w, https:\/\/www.elitemove.pro\/wp-content\/uploads\/2023\/12\/12-150x150.png 150w, https:\/\/www.elitemove.pro\/wp-content\/uploads\/2023\/12\/12-768x768.png 768w, https:\/\/www.elitemove.pro\/wp-content\/uploads\/2023\/12\/12-640x640.png 640w, https:\/\/www.elitemove.pro\/wp-content\/uploads\/2023\/12\/12-50x50.png 50w\" sizes=\"(max-width: 640px) 100vw, 640px\" \/><\/figure><div class=\"elementor-image-box-content\"><h3 class=\"elementor-image-box-title\">Strength Zone<\/h3><p class=\"elementor-image-box-description\">Z\u00f3na, ktor\u00e1 sa postar\u00e1 o tvoje zdravie  tvoj v\u00fdkon. Vieme, \u017ee silov\u00fd tr\u00e9ning\n\u0165a dostane na vrchol tvojej v\u00fdkonnosti, sily a stabilty.<\/p><\/div><\/div>\t\t<\/div>\n\t\t\t\t<\/div>\n\t\t\t\t\t\t<\/div>\n\t\t\t\t\t<\/div>\n\t\t<\/div>\n\t\t\t\t<div class=\"elementor-column elementor-col-50 elementor-inner-column elementor-element elementor-element-232e8f4b\" data-id=\"232e8f4b\" data-element_type=\"column\">\n\t\t\t<div class=\"elementor-column-wrap elementor-element-populated\">\n\t\t\t\t\t\t\t<div class=\"elementor-widget-wrap\">\n\t\t\t\t\t\t<div class=\"elementor-element elementor-element-65467047 elementor-position-top elementor-vertical-align-top elementor-widget elementor-widget-image-box\" data-id=\"65467047\" data-element_type=\"widget\" data-widget_type=\"image-box.default\">\n\t\t\t\t<div class=\"elementor-widget-container\">\n\t\t\t<div class=\"elementor-image-box-wrapper\"><figure class=\"elementor-image-box-img\"><img width=\"640\" height=\"640\" src=\"https:\/\/www.elitemove.pro\/wp-content\/uploads\/2023\/12\/13-1.png\" class=\"elementor-animation-grow attachment-large size-large wp-image-769\" alt=\"\" loading=\"lazy\" srcset=\"https:\/\/www.elitemove.pro\/wp-content\/uploads\/2023\/12\/13-1.png 1000w, https:\/\/www.elitemove.pro\/wp-content\/uploads\/2023\/12\/13-1-300x300.png 300w, https:\/\/www.elitemove.pro\/wp-content\/uploads\/2023\/12\/13-1-150x150.png 150w, https:\/\/www.elitemove.pro\/wp-content\/uploads\/2023\/12\/13-1-768x768.png 768w, https:\/\/www.elitemove.pro\/wp-content\/uploads\/2023\/12\/13-1-640x640.png 640w, https:\/\/www.elitemove.pro\/wp-content\/uploads\/2023\/12\/13-1-50x50.png 50w\" sizes=\"(max-width: 640px) 100vw, 640px\" \/><\/figure><div class=\"elementor-image-box-content\"><h3 class=\"elementor-image-box-title\">Movement Zone<\/h3><p class=\"elementor-image-box-description\">Roz\u013eahl\u00e1 z\u00f3na, ktorej siln\u00e9 str\u00e1nky s\u00fa jednoduchos\u0165 a priestor pre kreativitu. Vieme, \u017ee kreativita a vyu\u017eitie priestoru, s\u00fa rovnako d\u00f4le\u017eit\u00e9 ako\nkoordina\u010dn\u00e9 a reak\u010dn\u00e9 schopnosti v \u0161porte.<\/p><\/div><\/div>\t\t<\/div>\n\t\t\t\t<\/div>\n\t\t\t\t\t\t<\/div>\n\t\t\t\t\t<\/div>\n\t\t<\/div>\n\t\t\t\t\t\t\t\t<\/div>\n\t\t\t\t\t<\/div>\n\t\t<\/section>\n\t\t\t\t<div class=\"elementor-element elementor-element-2745282f elementor-align-center elementor-widget elementor-widget-button\" data-id=\"2745282f\" data-element_type=\"widget\" data-widget_type=\"button.default\">\n\t\t\t\t<div class=\"elementor-widget-container\">\n\t\t\t\t\t<div class=\"elementor-button-wrapper\">\n\t\t\t<a href=\"https:\/\/www.elitemove.pro\/?page_id=35\" class=\"elementor-button-link elementor-button elementor-size-sm elementor-animation-grow\" role=\"button\">\n\t\t\t\t\t\t<span class=\"elementor-button-content-wrapper\">\n\t\t\t\t\t\t<span class=\"elementor-button-text\">KONTAKT<\/span>\n\t\t<\/span>\n\t\t\t\t\t<\/a>\n\t\t<\/div>\n\t\t\t\t<\/div>\n\t\t\t\t<\/div>\n\t\t\t\t\t\t<\/div>\n\t\t\t\t\t<\/div>\n\t\t<\/div>\n\t\t\t\t\t\t\t\t<\/div>\n\t\t\t\t\t<\/div>\n\t\t<\/section>\n\t\t\t\t<section class=\"elementor-section elementor-top-section elementor-element elementor-element-aa39a6f elementor-section-boxed elementor-section-height-default elementor-section-height-default\" data-id=\"aa39a6f\" data-element_type=\"section\">\n\t\t\t\t\t\t<div class=\"elementor-container elementor-column-gap-default\">\n\t\t\t\t\t\t\t<div class=\"elementor-row\">\n\t\t\t\t\t<div class=\"elementor-column elementor-col-100 elementor-top-column elementor-element elementor-element-62aad75\" data-id=\"62aad75\" data-element_type=\"column\">\n\t\t\t<div class=\"elementor-column-wrap elementor-element-populated\">\n\t\t\t\t\t\t\t<div class=\"elementor-widget-wrap\">\n\t\t\t\t\t\t<div class=\"elementor-element elementor-element-88ad3c8 elementor-widget-divider--view-line elementor-widget elementor-widget-divider\" data-id=\"88ad3c8\" data-element_type=\"widget\" data-widget_type=\"divider.default\">\n\t\t\t\t<div class=\"elementor-widget-container\">\n\t\t\t\t\t<div class=\"elementor-divider\">\n\t\t\t<span class=\"elementor-divider-separator\">\n\t\t\t\t\t\t<\/span>\n\t\t<\/div>\n\t\t\t\t<\/div>\n\t\t\t\t<\/div>\n\t\t\t\t\t\t<\/div>\n\t\t\t\t\t<\/div>\n\t\t<\/div>\n\t\t\t\t\t\t\t\t<\/div>\n\t\t\t\t\t<\/div>\n\t\t<\/section>\n\t\t\t\t<section class=\"elementor-section elementor-top-section elementor-element elementor-element-4bbecf77 elementor-section-full_width elementor-section-height-default elementor-section-height-default\" data-id=\"4bbecf77\" data-element_type=\"section\" data-settings=\"{&quot;background_background&quot;:&quot;classic&quot;}\">\n\t\t\t\t\t\t<div class=\"elementor-container elementor-column-gap-no\">\n\t\t\t\t\t\t\t<div class=\"elementor-row\">\n\t\t\t\t\t<div class=\"elementor-column elementor-col-100 elementor-top-column elementor-element elementor-element-4c9112e4\" data-id=\"4c9112e4\" data-element_type=\"column\">\n\t\t\t<div class=\"elementor-column-wrap elementor-element-populated\">\n\t\t\t\t\t\t\t<div class=\"elementor-widget-wrap\">\n\t\t\t\t\t\t<section class=\"elementor-section elementor-inner-section elementor-element elementor-element-3dc22efe elementor-section-content-middle elementor-section-boxed elementor-section-height-default elementor-section-height-default\" data-id=\"3dc22efe\" data-element_type=\"section\">\n\t\t\t\t\t\t<div class=\"elementor-container elementor-column-gap-no\">\n\t\t\t\t\t\t\t<div class=\"elementor-row\">\n\t\t\t\t\t<div class=\"elementor-column elementor-col-33 elementor-inner-column elementor-element elementor-element-13b45f3c\" data-id=\"13b45f3c\" data-element_type=\"column\">\n\t\t\t<div class=\"elementor-column-wrap elementor-element-populated\">\n\t\t\t\t\t\t\t<div class=\"elementor-widget-wrap\">\n\t\t\t\t\t\t<div class=\"elementor-element elementor-element-409a73e4 elementor-widget elementor-widget-heading\" data-id=\"409a73e4\" data-element_type=\"widget\" data-widget_type=\"heading.default\">\n\t\t\t\t<div class=\"elementor-widget-container\">\n\t\t\t<h6 class=\"elementor-heading-title elementor-size-default\">Adresa<\/h6>\t\t<\/div>\n\t\t\t\t<\/div>\n\t\t\t\t<div class=\"elementor-element elementor-element-2cee7aae elementor-widget elementor-widget-text-editor\" data-id=\"2cee7aae\" data-element_type=\"widget\" data-widget_type=\"text-editor.default\">\n\t\t\t\t<div class=\"elementor-widget-container\">\n\t\t\t\t\t\t\t\t<div class=\"elementor-text-editor elementor-clearfix\">\n\t\t\t\t<p><span class=\"JsGRdQ\" style=\"caret-color: rgba(255, 255, 255, 0.45); text-size-adjust: auto;\">\u013d. St\u00e1rka&nbsp;2840<br><\/span><span class=\"JsGRdQ\" style=\"caret-color: rgba(255, 255, 255, 0.45); text-size-adjust: auto;\">911 05 Tren\u010d\u00edn-Z\u00e1pad<br><\/span><span class=\"JsGRdQ\" style=\"caret-color: rgba(255, 255, 255, 0.45); text-size-adjust: auto;\">Are\u00e1l Ozety<\/span><\/p>\t\t\t\t\t<\/div>\n\t\t\t\t\t\t<\/div>\n\t\t\t\t<\/div>\n\t\t\t\t\t\t<\/div>\n\t\t\t\t\t<\/div>\n\t\t<\/div>\n\t\t\t\t<div class=\"elementor-column elementor-col-33 elementor-inner-column elementor-element elementor-element-3394e668\" data-id=\"3394e668\" data-element_type=\"column\">\n\t\t\t<div class=\"elementor-column-wrap elementor-element-populated\">\n\t\t\t\t\t\t\t<div class=\"elementor-widget-wrap\">\n\t\t\t\t\t\t<div class=\"elementor-element elementor-element-6ec35ebb elementor-widget elementor-widget-heading\" data-id=\"6ec35ebb\" data-element_type=\"widget\" data-widget_type=\"heading.default\">\n\t\t\t\t<div class=\"elementor-widget-container\">\n\t\t\t<h6 class=\"elementor-heading-title elementor-size-default\">Ov\u00e1racie hodiny<\/h6>\t\t<\/div>\n\t\t\t\t<\/div>\n\t\t\t\t<div class=\"elementor-element elementor-element-1d463044 elementor-widget elementor-widget-text-editor\" data-id=\"1d463044\" data-element_type=\"widget\" data-widget_type=\"text-editor.default\">\n\t\t\t\t<div class=\"elementor-widget-container\">\n\t\t\t\t\t\t\t\t<div class=\"elementor-text-editor elementor-clearfix\">\n\t\t\t\t<p><span style=\"caret-color: #000000; text-size-adjust: auto;\">Po dohode s klientom<\/span><\/p>\t\t\t\t\t<\/div>\n\t\t\t\t\t\t<\/div>\n\t\t\t\t<\/div>\n\t\t\t\t\t\t<\/div>\n\t\t\t\t\t<\/div>\n\t\t<\/div>\n\t\t\t\t<div class=\"elementor-column elementor-col-33 elementor-inner-column elementor-element elementor-element-7f60f36d\" data-id=\"7f60f36d\" data-element_type=\"column\">\n\t\t\t<div class=\"elementor-column-wrap elementor-element-populated\">\n\t\t\t\t\t\t\t<div class=\"elementor-widget-wrap\">\n\t\t\t\t\t\t<div class=\"elementor-element elementor-element-40279a37 elementor-widget elementor-widget-heading\" data-id=\"40279a37\" data-element_type=\"widget\" data-widget_type=\"heading.default\">\n\t\t\t\t<div class=\"elementor-widget-container\">\n\t\t\t<h6 class=\"elementor-heading-title elementor-size-default\">Kontakt<\/h6>\t\t<\/div>\n\t\t\t\t<\/div>\n\t\t\t\t<div class=\"elementor-element elementor-element-5affffa8 elementor-widget elementor-widget-text-editor\" data-id=\"5affffa8\" data-element_type=\"widget\" data-widget_type=\"text-editor.default\">\n\t\t\t\t<div class=\"elementor-widget-container\">\n\t\t\t\t\t\t\t\t<div class=\"elementor-text-editor elementor-clearfix\">\n\t\t\t\t<p><span style=\"caret-color: rgba(255, 255, 255, 0.45); text-size-adjust: auto;\">Telef\u00f3n:<span class=\"Apple-converted-space\">\u00a0<\/span><\/span><span class=\"JsGRdQ\" style=\"caret-color: rgba(255, 255, 255, 0.45); text-size-adjust: auto;\">+421 0911 066 900<\/span><br style=\"caret-color: rgba(255, 255, 255, 0.45); text-size-adjust: auto;\" \/><span style=\"caret-color: rgba(255, 255, 255, 0.45); text-size-adjust: auto;\">Email:<span class=\"Apple-converted-space\">\u00a0<\/span><\/span><span class=\"JsGRdQ\" style=\"caret-color: rgba(255, 255, 255, 0.45); text-size-adjust: auto;\">info@elitemove.pro<\/span><\/p>\t\t\t\t\t<\/div>\n\t\t\t\t\t\t<\/div>\n\t\t\t\t<\/div>\n\t\t\t\t\t\t<\/div>\n\t\t\t\t\t<\/div>\n\t\t<\/div>\n\t\t\t\t\t\t\t\t<\/div>\n\t\t\t\t\t<\/div>\n\t\t<\/section>\n\t\t\t\t<div class=\"elementor-element elementor-element-21d5d7bd elementor-shape-rounded elementor-grid-0 e-grid-align-center elementor-widget elementor-widget-social-icons\" data-id=\"21d5d7bd\" data-element_type=\"widget\" data-widget_type=\"social-icons.default\">\n\t\t\t\t<div class=\"elementor-widget-container\">\n\t\t\t\t\t<div class=\"elementor-social-icons-wrapper elementor-grid\">\n\t\t\t\t\t\t\t<span class=\"elementor-grid-item\">\n\t\t\t\t\t<a class=\"elementor-icon elementor-social-icon elementor-social-icon-facebook-f elementor-animation-grow elementor-repeater-item-9c86cde\" href=\"https:\/\/www.facebook.com\/elitemove.pro\/\" target=\"_blank\">\n\t\t\t\t\t\t<span class=\"elementor-screen-only\">Facebook-f<\/span>\n\t\t\t\t\t\t<i class=\"fab fa-facebook-f\"><\/i>\t\t\t\t\t<\/a>\n\t\t\t\t<\/span>\n\t\t\t\t\t\t\t<span class=\"elementor-grid-item\">\n\t\t\t\t\t<a class=\"elementor-icon elementor-social-icon elementor-social-icon-instagram elementor-animation-grow elementor-repeater-item-d9a9500\" href=\"https:\/\/www.instagram.com\/elite.move.pro\/\" target=\"_blank\">\n\t\t\t\t\t\t<span class=\"elementor-screen-only\">Instagram<\/span>\n\t\t\t\t\t\t<i class=\"fab fa-instagram\"><\/i>\t\t\t\t\t<\/a>\n\t\t\t\t<\/span>\n\t\t\t\t\t<\/div>\n\t\t\t\t<\/div>\n\t\t\t\t<\/div>\n\t\t\t\t\t\t<\/div>\n\t\t\t\t\t<\/div>\n\t\t<\/div>\n\t\t\t\t\t\t\t\t<\/div>\n\t\t\t\t\t<\/div>\n\t\t<\/section>\n\t\t\t\t\t\t\t\t\t<\/div>\n\t\t\t<\/div>\n\t\t\t\t\t<\/div>\n\t\t","protected":false},"excerpt":{"rendered":"<p>N\u00e1\u0161 gym Strength Zone Z\u00f3na, ktor\u00e1 sa postar\u00e1 o tvoje zdravie tvoj v\u00fdkon. Vieme, \u017ee silov\u00fd tr\u00e9ning \u0165a dostane na ...<\/p>","protected":false},"author":1,"featured_media":0,"parent":0,"menu_order":0,"comment_status":"closed","ping_status":"closed","template":"","meta":{"_mi_skip_tracking":false},"yoast_head":"<!-- This site is optimized with the Yoast SEO plugin v15.9.2 - https:\/\/yoast.com\/wordpress\/plugins\/seo\/ -->\n<title>Gym - Elite Move Pro<\/title>\n<meta name=\"robots\" content=\"index, follow, max-snippet:-1, max-image-preview:large, max-video-preview:-1\" \/>\n<link rel=\"canonical\" href=\"https:\/\/www.elitemove.pro\/?page_id=31\" \/>\n<meta property=\"og:locale\" content=\"sk_SK\" \/>\n<meta property=\"og:type\" content=\"article\" \/>\n<meta property=\"og:title\" content=\"Gym - Elite Move Pro\" \/>\n<meta property=\"og:description\" content=\"N\u00e1\u0161 gym Strength Zone Z\u00f3na, ktor\u00e1 sa postar\u00e1 o tvoje zdravie tvoj v\u00fdkon. Vieme, \u017ee silov\u00fd tr\u00e9ning \u0165a dostane na vrchol tvojej v\u00fdkonnosti, sily a stabilty. Movement Zone Roz\u013eahl\u00e1 z\u00f3na, ktorej siln\u00e9 str\u00e1nky s\u00fa jednoduchos\u0165 a priestor pre kreativitu. Vieme, \u017ee kreativita a vyu\u017eitie priestoru, s\u00fa rovnako d\u00f4le\u017eit\u00e9 ako koordina\u010dn\u00e9 a reak\u010dn\u00e9 schopnosti v \u0161porte. [&hellip;]\" \/>\n<meta property=\"og:url\" content=\"https:\/\/www.elitemove.pro\/?page_id=31\" \/>\n<meta property=\"og:site_name\" content=\"Elite Move Pro\" \/>\n<meta property=\"article:modified_time\" content=\"2024-03-03T10:12:46+00:00\" \/>\n<meta property=\"og:image\" content=\"https:\/\/www.elitemove.pro\/wp-content\/uploads\/2023\/12\/12.png\" \/>\n<meta name=\"twitter:card\" content=\"summary_large_image\" \/>\n<meta name=\"twitter:label1\" content=\"Predpokladan\u00fd \u010das \u010d\u00edtania\">\n\t<meta name=\"twitter:data1\" content=\"1 min\u00fata\">\n<script type=\"application\/ld+json\" class=\"yoast-schema-graph\">{\"@context\":\"https:\/\/schema.org\",\"@graph\":[{\"@type\":\"WebSite\",\"@id\":\"https:\/\/www.elitemove.pro\/#website\",\"url\":\"https:\/\/www.elitemove.pro\/\",\"name\":\"Elite Move Pro\",\"description\":\"Tr\\u00e9ningy pre ka\\u017ed\\u00e9ho\",\"potentialAction\":[{\"@type\":\"SearchAction\",\"target\":\"https:\/\/www.elitemove.pro\/?s={search_term_string}\",\"query-input\":\"required name=search_term_string\"}],\"inLanguage\":\"sk-SK\"},{\"@type\":\"ImageObject\",\"@id\":\"https:\/\/www.elitemove.pro\/?page_id=31#primaryimage\",\"inLanguage\":\"sk-SK\",\"url\":\"https:\/\/www.elitemove.pro\/wp-content\/uploads\/2023\/12\/12.png\",\"width\":1000,\"height\":1000},{\"@type\":\"WebPage\",\"@id\":\"https:\/\/www.elitemove.pro\/?page_id=31#webpage\",\"url\":\"https:\/\/www.elitemove.pro\/?page_id=31\",\"name\":\"Gym - Elite Move Pro\",\"isPartOf\":{\"@id\":\"https:\/\/www.elitemove.pro\/#website\"},\"primaryImageOfPage\":{\"@id\":\"https:\/\/www.elitemove.pro\/?page_id=31#primaryimage\"},\"datePublished\":\"2020-03-30T19:26:57+00:00\",\"dateModified\":\"2024-03-03T10:12:46+00:00\",\"breadcrumb\":{\"@id\":\"https:\/\/www.elitemove.pro\/?page_id=31#breadcrumb\"},\"inLanguage\":\"sk-SK\",\"potentialAction\":[{\"@type\":\"ReadAction\",\"target\":[\"https:\/\/www.elitemove.pro\/?page_id=31\"]}]},{\"@type\":\"BreadcrumbList\",\"@id\":\"https:\/\/www.elitemove.pro\/?page_id=31#breadcrumb\",\"itemListElement\":[{\"@type\":\"ListItem\",\"position\":1,\"item\":{\"@type\":\"WebPage\",\"@id\":\"https:\/\/www.elitemove.pro\/\",\"url\":\"https:\/\/www.elitemove.pro\/\",\"name\":\"Home\"}},{\"@type\":\"ListItem\",\"position\":2,\"item\":{\"@type\":\"WebPage\",\"@id\":\"https:\/\/www.elitemove.pro\/?page_id=31\",\"url\":\"https:\/\/www.elitemove.pro\/?page_id=31\",\"name\":\"Gym\"}}]}]}<\/script>\n<!-- \/ Yoast SEO plugin. -->","_links":{"self":[{"href":"https:\/\/www.elitemove.pro\/index.php?rest_route=\/wp\/v2\/pages\/31"}],"collection":[{"href":"https:\/\/www.elitemove.pro\/index.php?rest_route=\/wp\/v2\/pages"}],"about":[{"href":"https:\/\/www.elitemove.pro\/index.php?rest_route=\/wp\/v2\/types\/page"}],"author":[{"embeddable":true,"href":"https:\/\/www.elitemove.pro\/index.php?rest_route=\/wp\/v2\/users\/1"}],"replies":[{"embeddable":true,"href":"https:\/\/www.elitemove.pro\/index.php?rest_route=%2Fwp%2Fv2%2Fcomments&post=31"}],"version-history":[{"count":6,"href":"https:\/\/www.elitemove.pro\/index.php?rest_route=\/wp\/v2\/pages\/31\/revisions"}],"predecessor-version":[{"id":812,"href":"https:\/\/www.elitemove.pro\/index.php?rest_route=\/wp\/v2\/pages\/31\/revisions\/812"}],"wp:attachment":[{"href":"https:\/\/www.elitemove.pro\/index.php?rest_route=%2Fwp%2Fv2%2Fmedia&parent=31"}],"curies":[{"name":"wp","href":"https:\/\/api.w.org\/{rel}","templated":true}]}}